{"id":4626,"date":"2017-07-07T00:00:00","date_gmt":"2017-07-07T00:00:00","guid":{"rendered":"https:\/\/metspace.com\/coworking-space-community\/"},"modified":"2023-09-06T07:40:30","modified_gmt":"2023-09-06T07:40:30","slug":"communaute","status":"publish","type":"page","link":"https:\/\/metspace.com\/fr\/communaute\/","title":{"rendered":"Communaut\u00e9"},"content":{"rendered":"\t\t<div data-elementor-type=\"wp-page\" data-elementor-id=\"4626\" class=\"elementor elementor-4626 elementor-3292\">\n\t\t\t\t\t\t<section class=\"elementor-section elementor-top-section elementor-element elementor-element-7cbc0a9 elementor-section-height-min-height elementor-section-boxed elementor-section-height-default elementor-section-items-middle elementor-invisible\" data-id=\"7cbc0a9\" data-element_type=\"section\" data-e-type=\"section\" data-settings=\"{&quot;background_background&quot;:&quot;classic&quot;,&quot;animation&quot;:&quot;fadeIn&quot;}\">\n\t\t\t\t\t\t\t<div class=\"elementor-background-overlay\"><\/div>\n\t\t\t\t\t\t\t<div class=\"elementor-container elementor-column-gap-default\">\n\t\t\t\t\t<div class=\"elementor-column elementor-col-100 elementor-top-column elementor-element elementor-element-a1e5a7a\" data-id=\"a1e5a7a\" data-element_type=\"column\" data-e-type=\"column\">\n\t\t\t<div class=\"elementor-widget-wrap elementor-element-populated\">\n\t\t\t\t\t\t<div class=\"elementor-element elementor-element-dcd86e6 elementor-invisible elementor-widget elementor-widget-heading\" data-id=\"dcd86e6\" data-element_type=\"widget\" data-e-type=\"widget\" data-settings=\"{&quot;_animation&quot;:&quot;rotateIn&quot;,&quot;_animation_delay&quot;:200}\" data-widget_type=\"heading.default\">\n\t\t\t\t<div class=\"elementor-widget-container\">\n\t\t\t\t\t<h1 class=\"elementor-heading-title elementor-size-default\">Metspace - Le lieu o\u00f9 vous \u00e9voluez<\/h1>\t\t\t\t<\/div>\n\t\t\t\t<\/div>\n\t\t\t\t\t<\/div>\n\t\t<\/div>\n\t\t\t\t\t<\/div>\n\t\t<\/section>\n\t\t\t\t<section class=\"elementor-section elementor-top-section elementor-element elementor-element-e09ca58 elementor-section-boxed elementor-section-height-default elementor-section-height-default\" data-id=\"e09ca58\" data-element_type=\"section\" data-e-type=\"section\" data-settings=\"{&quot;background_background&quot;:&quot;classic&quot;}\">\n\t\t\t\t\t\t<div class=\"elementor-container elementor-column-gap-default\">\n\t\t\t\t\t<div class=\"elementor-column elementor-col-50 elementor-top-column elementor-element elementor-element-c095fbb elementor-invisible\" data-id=\"c095fbb\" data-element_type=\"column\" data-e-type=\"column\" data-settings=\"{&quot;animation&quot;:&quot;fadeInLeft&quot;,&quot;animation_delay&quot;:200}\">\n\t\t\t<div class=\"elementor-widget-wrap elementor-element-populated\">\n\t\t\t\t\t\t<div class=\"elementor-element elementor-element-9de2d75 image-height-auto-in-mobile elementor-widget elementor-widget-image\" data-id=\"9de2d75\" data-element_type=\"widget\" data-e-type=\"widget\" data-widget_type=\"image.default\">\n\t\t\t\t<div class=\"elementor-widget-container\">\n\t\t\t\t\t\t\t\t\t\t\t\t\t\t\t<img fetchpriority=\"high\" decoding=\"async\" width=\"952\" height=\"1024\" src=\"https:\/\/metspace.com\/wp-content\/uploads\/2022\/08\/DSC09058-952x1024.jpg\" class=\"attachment-large size-large wp-image-4851\" alt=\"\" srcset=\"https:\/\/metspace.com\/wp-content\/uploads\/2022\/08\/DSC09058-952x1024.jpg 952w, https:\/\/metspace.com\/wp-content\/uploads\/2022\/08\/DSC09058-279x300.jpg 279w, https:\/\/metspace.com\/wp-content\/uploads\/2022\/08\/DSC09058-768x826.jpg 768w, https:\/\/metspace.com\/wp-content\/uploads\/2022\/08\/DSC09058-1428x1536.jpg 1428w, https:\/\/metspace.com\/wp-content\/uploads\/2022\/08\/DSC09058.jpg 1904w\" sizes=\"(max-width: 952px) 100vw, 952px\" \/>\t\t\t\t\t\t\t\t\t\t\t\t\t\t\t<\/div>\n\t\t\t\t<\/div>\n\t\t\t\t\t<\/div>\n\t\t<\/div>\n\t\t\t\t<div class=\"elementor-column elementor-col-50 elementor-top-column elementor-element elementor-element-b7644aa elementor-invisible\" data-id=\"b7644aa\" data-element_type=\"column\" data-e-type=\"column\" data-settings=\"{&quot;animation&quot;:&quot;fadeInRight&quot;,&quot;animation_delay&quot;:200}\">\n\t\t\t<div class=\"elementor-widget-wrap elementor-element-populated\">\n\t\t\t\t\t\t<div class=\"elementor-element elementor-element-ccf8f82 elementor-widget elementor-widget-heading\" data-id=\"ccf8f82\" data-element_type=\"widget\" data-e-type=\"widget\" data-widget_type=\"heading.default\">\n\t\t\t\t<div class=\"elementor-widget-container\">\n\t\t\t\t\t<h2 class=\"elementor-heading-title elementor-size-default\">METSPACE EST UNE COMMUNAUT\u00c9 DE Co-travail !<\/h2>\t\t\t\t<\/div>\n\t\t\t\t<\/div>\n\t\t\t\t<div class=\"elementor-element elementor-element-03f5585 elementor-widget elementor-widget-text-editor\" data-id=\"03f5585\" data-element_type=\"widget\" data-e-type=\"widget\" data-widget_type=\"text-editor.default\">\n\t\t\t\t<div class=\"elementor-widget-container\">\n\t\t\t\t\t\t\t\t\t<p>Metspace est une communaut\u00e9 d&rsquo;espaces de Co-travail dont la philosophie s&rsquo;articule autour de valeurs communes ax\u00e9es sur la croissance et la r\u00e9ussite individuelles. Nos membres, qui s&rsquo;appellent fi\u00e8rement \u00ab\u00a0metspacers\u00a0\u00bb, partagent non seulement l&rsquo;espace, mais aussi les m\u00eames int\u00e9r\u00eats et les m\u00eames mentalit\u00e9s. Ils sont proactifs, dynamiques et visionnaires. Nos membres sont la raison d&rsquo;\u00eatre de metspace.<\/p>\t\t\t\t\t\t\t\t<\/div>\n\t\t\t\t<\/div>\n\t\t\t\t<div class=\"elementor-element elementor-element-e82f2ce elementor-widget elementor-widget-button\" data-id=\"e82f2ce\" data-element_type=\"widget\" data-e-type=\"widget\" data-widget_type=\"button.default\">\n\t\t\t\t<div class=\"elementor-widget-container\">\n\t\t\t\t\t\t\t\t\t<div class=\"elementor-button-wrapper\">\n\t\t\t\t\t<a class=\"elementor-button elementor-button-link elementor-size-sm\" href=\"https:\/\/metspace.com\/fr\/formulaire-dadhesion\/\">\n\t\t\t\t\t\t<span class=\"elementor-button-content-wrapper\">\n\t\t\t\t\t\t\t\t\t<span class=\"elementor-button-text\">rejoignez-nous aujourd'hui<\/span>\n\t\t\t\t\t<\/span>\n\t\t\t\t\t<\/a>\n\t\t\t\t<\/div>\n\t\t\t\t\t\t\t\t<\/div>\n\t\t\t\t<\/div>\n\t\t\t\t\t<\/div>\n\t\t<\/div>\n\t\t\t\t\t<\/div>\n\t\t<\/section>\n\t\t\t\t<\/div>\n\t\t","protected":false},"excerpt":{"rendered":"<p>Metspace &#8211; Le lieu o\u00f9 vous \u00e9voluez METSPACE EST UNE COMMUNAUT\u00c9 DE Co-travail ! Metspace est une communaut\u00e9 d&rsquo;espaces de Co-travail dont la philosophie s&rsquo;articule autour de valeurs communes ax\u00e9es [&hellip;]<\/p>\n","protected":false},"author":1,"featured_media":0,"parent":0,"menu_order":0,"comment_status":"open","ping_status":"open","template":"elementor_header_footer","meta":{"_acf_changed":false,"site-sidebar-layout":"no-sidebar","site-content-layout":"page-builder","ast-site-content-layout":"default","site-content-style":"default","site-sidebar-style":"default","ast-global-header-display":"","ast-banner-title-visibility":"","ast-main-header-display":"","ast-hfb-above-header-display":"","ast-hfb-below-header-display":"","ast-hfb-mobile-header-display":"","site-post-title":"disabled","ast-breadcrumbs-content":"","ast-featured-img":"disabled","footer-sml-layout":"","ast-disable-related-posts":"","theme-transparent-header-meta":"","adv-header-id-meta":"","stick-header-meta":"","header-above-stick-meta":"","header-main-stick-meta":"","header-below-stick-meta":"","astra-migrate-meta-layouts":"default","ast-page-background-enabled":"default","ast-page-background-meta":{"desktop":{"background-color":"var(--ast-global-color-4)","background-image":"","background-repeat":"repeat","background-position":"center center","background-size":"auto","background-attachment":"scroll","background-type":"","background-media":"","overlay-type":"","overlay-color":"","overlay-opacity":"","overlay-gradient":""},"tablet":{"background-color":"","background-image":"","background-repeat":"repeat","background-position":"center center","background-size":"auto","background-attachment":"scroll","background-type":"","background-media":"","overlay-type":"","overlay-color":"","overlay-opacity":"","overlay-gradient":""},"mobile":{"background-color":"","background-image":"","background-repeat":"repeat","background-position":"center center","background-size":"auto","background-attachment":"scroll","background-type":"","background-media":"","overlay-type":"","overlay-color":"","overlay-opacity":"","overlay-gradient":""}},"ast-content-background-meta":{"desktop":{"background-color":"var(--ast-global-color-5)","background-image":"","background-repeat":"repeat","background-position":"center center","background-size":"auto","background-attachment":"scroll","background-type":"","background-media":"","overlay-type":"","overlay-color":"","overlay-opacity":"","overlay-gradient":""},"tablet":{"background-color":"var(--ast-global-color-5)","background-image":"","background-repeat":"repeat","background-position":"center center","background-size":"auto","background-attachment":"scroll","background-type":"","background-media":"","overlay-type":"","overlay-color":"","overlay-opacity":"","overlay-gradient":""},"mobile":{"background-color":"var(--ast-global-color-5)","background-image":"","background-repeat":"repeat","background-position":"center center","background-size":"auto","background-attachment":"scroll","background-type":"","background-media":"","overlay-type":"","overlay-color":"","overlay-opacity":"","overlay-gradient":""}},"footnotes":""},"class_list":["post-4626","page","type-page","status-publish","hentry"],"acf":[],"yoast_head":"<!-- This site is optimized with the Yoast SEO plugin v27.3 - https:\/\/yoast.com\/product\/yoast-seo-wordpress\/ -->\n<title>metspace - Rejoignez notre communaut\u00e9 d&#039;espaces de coworking<\/title>\n<meta name=\"description\" content=\"metspace est une communaut\u00e9 d&#039;espaces de coworking dont la philosophie s&#039;articule autour de valeurs communes ax\u00e9es sur la croissance et la r\u00e9ussite individuelles.\" \/>\n<meta name=\"robots\" content=\"index, follow, max-snippet:-1, max-image-preview:large, max-video-preview:-1\" \/>\n<link rel=\"canonical\" href=\"https:\/\/metspace.com\/fr\/communaute\/\" \/>\n<meta property=\"og:locale\" content=\"fr_FR\" \/>\n<meta property=\"og:type\" content=\"article\" \/>\n<meta property=\"og:title\" content=\"metspace - Rejoignez notre communaut\u00e9 d&#039;espaces de coworking\" \/>\n<meta property=\"og:description\" content=\"metspace est une communaut\u00e9 d&#039;espaces de coworking dont la philosophie s&#039;articule autour de valeurs communes ax\u00e9es sur la croissance et la r\u00e9ussite individuelles.\" \/>\n<meta property=\"og:url\" content=\"https:\/\/metspace.com\/fr\/communaute\/\" \/>\n<meta property=\"og:site_name\" content=\"Best Coworking Space Companies | Space Management | Metspace\" \/>\n<meta property=\"article:modified_time\" content=\"2023-09-06T07:40:30+00:00\" \/>\n<meta property=\"og:image\" content=\"https:\/\/metspace.com\/wp-content\/uploads\/2022\/08\/DSC09058-952x1024.jpg\" \/>\n<meta name=\"twitter:card\" content=\"summary_large_image\" \/>\n<meta name=\"twitter:label1\" content=\"Dur\u00e9e de lecture estim\u00e9e\" \/>\n\t<meta name=\"twitter:data1\" content=\"1 minute\" \/>\n<script type=\"application\/ld+json\" class=\"yoast-schema-graph\">{\"@context\":\"https:\\\/\\\/schema.org\",\"@graph\":[{\"@type\":\"WebPage\",\"@id\":\"https:\\\/\\\/metspace.com\\\/fr\\\/communaute\\\/\",\"url\":\"https:\\\/\\\/metspace.com\\\/fr\\\/communaute\\\/\",\"name\":\"metspace - Rejoignez notre communaut\u00e9 d'espaces de coworking\",\"isPartOf\":{\"@id\":\"https:\\\/\\\/metspace.com\\\/fr\\\/#website\"},\"primaryImageOfPage\":{\"@id\":\"https:\\\/\\\/metspace.com\\\/fr\\\/communaute\\\/#primaryimage\"},\"image\":{\"@id\":\"https:\\\/\\\/metspace.com\\\/fr\\\/communaute\\\/#primaryimage\"},\"thumbnailUrl\":\"https:\\\/\\\/metspace.com\\\/wp-content\\\/uploads\\\/2022\\\/08\\\/DSC09058-952x1024.jpg\",\"datePublished\":\"2017-07-07T00:00:00+00:00\",\"dateModified\":\"2023-09-06T07:40:30+00:00\",\"description\":\"metspace est une communaut\u00e9 d'espaces de coworking dont la philosophie s'articule autour de valeurs communes ax\u00e9es sur la croissance et la r\u00e9ussite individuelles.\",\"breadcrumb\":{\"@id\":\"https:\\\/\\\/metspace.com\\\/fr\\\/communaute\\\/#breadcrumb\"},\"inLanguage\":\"fr-FR\",\"potentialAction\":[{\"@type\":\"ReadAction\",\"target\":[\"https:\\\/\\\/metspace.com\\\/fr\\\/communaute\\\/\"]}]},{\"@type\":\"ImageObject\",\"inLanguage\":\"fr-FR\",\"@id\":\"https:\\\/\\\/metspace.com\\\/fr\\\/communaute\\\/#primaryimage\",\"url\":\"https:\\\/\\\/metspace.com\\\/wp-content\\\/uploads\\\/2022\\\/08\\\/DSC09058-952x1024.jpg\",\"contentUrl\":\"https:\\\/\\\/metspace.com\\\/wp-content\\\/uploads\\\/2022\\\/08\\\/DSC09058-952x1024.jpg\"},{\"@type\":\"BreadcrumbList\",\"@id\":\"https:\\\/\\\/metspace.com\\\/fr\\\/communaute\\\/#breadcrumb\",\"itemListElement\":[{\"@type\":\"ListItem\",\"position\":1,\"name\":\"Home\",\"item\":\"https:\\\/\\\/metspace.com\\\/fr\\\/\"},{\"@type\":\"ListItem\",\"position\":2,\"name\":\"Communaut\u00e9\"}]},{\"@type\":\"WebSite\",\"@id\":\"https:\\\/\\\/metspace.com\\\/fr\\\/#website\",\"url\":\"https:\\\/\\\/metspace.com\\\/fr\\\/\",\"name\":\"Best Coworking Space Companies | Space Management | Metspace\",\"description\":\"\",\"potentialAction\":[{\"@type\":\"SearchAction\",\"target\":{\"@type\":\"EntryPoint\",\"urlTemplate\":\"https:\\\/\\\/metspace.com\\\/fr\\\/?s={search_term_string}\"},\"query-input\":{\"@type\":\"PropertyValueSpecification\",\"valueRequired\":true,\"valueName\":\"search_term_string\"}}],\"inLanguage\":\"fr-FR\"}]}<\/script>\n<!-- \/ Yoast SEO plugin. -->","yoast_head_json":{"title":"metspace - Rejoignez notre communaut\u00e9 d'espaces de coworking","description":"metspace est une communaut\u00e9 d'espaces de coworking dont la philosophie s'articule autour de valeurs communes ax\u00e9es sur la croissance et la r\u00e9ussite individuelles.","robots":{"index":"index","follow":"follow","max-snippet":"max-snippet:-1","max-image-preview":"max-image-preview:large","max-video-preview":"max-video-preview:-1"},"canonical":"https:\/\/metspace.com\/fr\/communaute\/","og_locale":"fr_FR","og_type":"article","og_title":"metspace - Rejoignez notre communaut\u00e9 d'espaces de coworking","og_description":"metspace est une communaut\u00e9 d'espaces de coworking dont la philosophie s'articule autour de valeurs communes ax\u00e9es sur la croissance et la r\u00e9ussite individuelles.","og_url":"https:\/\/metspace.com\/fr\/communaute\/","og_site_name":"Best Coworking Space Companies | Space Management | Metspace","article_modified_time":"2023-09-06T07:40:30+00:00","og_image":[{"url":"https:\/\/metspace.com\/wp-content\/uploads\/2022\/08\/DSC09058-952x1024.jpg","type":"","width":"","height":""}],"twitter_card":"summary_large_image","twitter_misc":{"Dur\u00e9e de lecture estim\u00e9e":"1 minute"},"schema":{"@context":"https:\/\/schema.org","@graph":[{"@type":"WebPage","@id":"https:\/\/metspace.com\/fr\/communaute\/","url":"https:\/\/metspace.com\/fr\/communaute\/","name":"metspace - Rejoignez notre communaut\u00e9 d'espaces de coworking","isPartOf":{"@id":"https:\/\/metspace.com\/fr\/#website"},"primaryImageOfPage":{"@id":"https:\/\/metspace.com\/fr\/communaute\/#primaryimage"},"image":{"@id":"https:\/\/metspace.com\/fr\/communaute\/#primaryimage"},"thumbnailUrl":"https:\/\/metspace.com\/wp-content\/uploads\/2022\/08\/DSC09058-952x1024.jpg","datePublished":"2017-07-07T00:00:00+00:00","dateModified":"2023-09-06T07:40:30+00:00","description":"metspace est une communaut\u00e9 d'espaces de coworking dont la philosophie s'articule autour de valeurs communes ax\u00e9es sur la croissance et la r\u00e9ussite individuelles.","breadcrumb":{"@id":"https:\/\/metspace.com\/fr\/communaute\/#breadcrumb"},"inLanguage":"fr-FR","potentialAction":[{"@type":"ReadAction","target":["https:\/\/metspace.com\/fr\/communaute\/"]}]},{"@type":"ImageObject","inLanguage":"fr-FR","@id":"https:\/\/metspace.com\/fr\/communaute\/#primaryimage","url":"https:\/\/metspace.com\/wp-content\/uploads\/2022\/08\/DSC09058-952x1024.jpg","contentUrl":"https:\/\/metspace.com\/wp-content\/uploads\/2022\/08\/DSC09058-952x1024.jpg"},{"@type":"BreadcrumbList","@id":"https:\/\/metspace.com\/fr\/communaute\/#breadcrumb","itemListElement":[{"@type":"ListItem","position":1,"name":"Home","item":"https:\/\/metspace.com\/fr\/"},{"@type":"ListItem","position":2,"name":"Communaut\u00e9"}]},{"@type":"WebSite","@id":"https:\/\/metspace.com\/fr\/#website","url":"https:\/\/metspace.com\/fr\/","name":"Best Coworking Space Companies | Space Management | Metspace","description":"","potentialAction":[{"@type":"SearchAction","target":{"@type":"EntryPoint","urlTemplate":"https:\/\/metspace.com\/fr\/?s={search_term_string}"},"query-input":{"@type":"PropertyValueSpecification","valueRequired":true,"valueName":"search_term_string"}}],"inLanguage":"fr-FR"}]}},"_links":{"self":[{"href":"https:\/\/metspace.com\/fr\/wp-json\/wp\/v2\/pages\/4626","targetHints":{"allow":["GET"]}}],"collection":[{"href":"https:\/\/metspace.com\/fr\/wp-json\/wp\/v2\/pages"}],"about":[{"href":"https:\/\/metspace.com\/fr\/wp-json\/wp\/v2\/types\/page"}],"author":[{"embeddable":true,"href":"https:\/\/metspace.com\/fr\/wp-json\/wp\/v2\/users\/1"}],"replies":[{"embeddable":true,"href":"https:\/\/metspace.com\/fr\/wp-json\/wp\/v2\/comments?post=4626"}],"version-history":[{"count":5,"href":"https:\/\/metspace.com\/fr\/wp-json\/wp\/v2\/pages\/4626\/revisions"}],"predecessor-version":[{"id":7445,"href":"https:\/\/metspace.com\/fr\/wp-json\/wp\/v2\/pages\/4626\/revisions\/7445"}],"wp:attachment":[{"href":"https:\/\/metspace.com\/fr\/wp-json\/wp\/v2\/media?parent=4626"}],"curies":[{"name":"wp","href":"https:\/\/api.w.org\/{rel}","templated":true}]}}